{"id":1031,"date":"2025-05-16T10:19:33","date_gmt":"2025-05-16T10:19:33","guid":{"rendered":"https:\/\/bengikarparfum.com\/?page_id=1031"},"modified":"2025-05-16T10:19:34","modified_gmt":"2025-05-16T10:19:34","slug":"mesafeli-satis-sozlesmesi","status":"publish","type":"page","link":"https:\/\/xn--bengikarlksparfm-rzbg.com\/en\/mesafeli-satis-sozlesmesi\/","title":{"rendered":"Mesafeli Sat\u0131\u015f S\u00f6zle\u015fmesi"},"content":{"rendered":"<p><strong>MADDE 1 \u2013 Taraflar<\/strong><br>Sat\u0131c\u0131: Firma Ad\u0131: Sencileyin Itriyat<br>Adres: Konya T\u00fcrbe \u00d6n\u00fc \u00c7ar\u015f\u0131s\u0131<br>E-posta:&nbsp;<a href=\"https:\/\/sencileyin.com\/mesafeli-satis-sozlesmesi\/info@sencileyin.com\">info@sencileyin.com<\/a><br>Telefon: +90 533 653 69 88<\/p>\n\n\n\n<p>Al\u0131c\u0131: [M\u00fc\u015fterinin Bilgileri Sipari\u015fte G\u00f6r\u00fclecektir]<\/p>\n\n\n\n<p><strong>MADDE 2 \u2013 Konu<\/strong><br>Bu s\u00f6zle\u015fme, 6502 say\u0131l\u0131 T\u00fcketicinin Korunmas\u0131 Hakk\u0131nda Kanun ve Mesafeli S\u00f6zle\u015fmeler Y\u00f6netmeli\u011fi uyar\u0131nca, al\u0131c\u0131n\u0131n sat\u0131nc\u0131ya ait&nbsp;<a href=\"http:\/\/www.sencileyin.com\/\">www.sencileyin.com<\/a>&nbsp;adresli internet sitesinden elektronik ortamda sipari\u015f verdi\u011fi a\u015fa\u011f\u0131da nitelikleri ve sat\u0131\u015f fiyat\u0131 belirtilen \u00fcr\u00fcn\/hizmetin sat\u0131\u015f\u0131 ve teslimi ile ilgili taraflar\u0131n hak ve y\u00fck\u00fcml\u00fcl\u00fcklerini kapsamaktad\u0131r.<\/p>\n\n\n\n<p><strong>MADDE 3 \u2013 \u00dcr\u00fcn Bilgileri<\/strong><br>Sat\u0131\u015fa konu olan \u00fcr\u00fcnlerin cinsi ve t\u00fcr\u00fc, miktar\u0131, marka\/modeli, rengi ve sat\u0131\u015f bedeli sipari\u015f a\u015famas\u0131nda belirtilmi\u015ftir.<\/p>\n\n\n\n<p><strong>MADDE 4 \u2013 Teslimat ve \u0130ade Ko\u015fullar\u0131<\/strong><br>\u00dc\u00fcr\u00fcn teslimat\u0131, al\u0131c\u0131n\u0131n belirtti\u011fi adrese ve belirtilen ki\u015fi\/kurulu\u015fa yap\u0131l\u0131r.<\/p>","protected":false},"excerpt":{"rendered":"<p>MADDE 1 \u2013 TaraflarSat\u0131c\u0131: Firma Ad\u0131: Sencileyin ItriyatAdres: Konya T\u00fcrbe \u00d6n\u00fc \u00c7ar\u015f\u0131s\u0131E-posta:&nbsp;info@sencileyin.comTelefon: +90 533 653 69 88 Al\u0131c\u0131: [M\u00fc\u015fterinin Bilgileri Sipari\u015fte G\u00f6r\u00fclecektir] MADDE 2 \u2013&#8230;<\/p>","protected":false},"author":1,"featured_media":0,"parent":0,"menu_order":0,"comment_status":"closed","ping_status":"closed","template":"","meta":{"footnotes":""},"class_list":["post-1031","page","type-page","status-publish","hentry"],"jetpack_sharing_enabled":true,"_links":{"self":[{"href":"https:\/\/xn--bengikarlksparfm-rzbg.com\/en\/wp-json\/wp\/v2\/pages\/1031","targetHints":{"allow":["GET"]}}],"collection":[{"href":"https:\/\/xn--bengikarlksparfm-rzbg.com\/en\/wp-json\/wp\/v2\/pages"}],"about":[{"href":"https:\/\/xn--bengikarlksparfm-rzbg.com\/en\/wp-json\/wp\/v2\/types\/page"}],"author":[{"embeddable":true,"href":"https:\/\/xn--bengikarlksparfm-rzbg.com\/en\/wp-json\/wp\/v2\/users\/1"}],"replies":[{"embeddable":true,"href":"https:\/\/xn--bengikarlksparfm-rzbg.com\/en\/wp-json\/wp\/v2\/comments?post=1031"}],"version-history":[{"count":0,"href":"https:\/\/xn--bengikarlksparfm-rzbg.com\/en\/wp-json\/wp\/v2\/pages\/1031\/revisions"}],"wp:attachment":[{"href":"https:\/\/xn--bengikarlksparfm-rzbg.com\/en\/wp-json\/wp\/v2\/media?parent=1031"}],"curies":[{"name":"wp","href":"https:\/\/api.w.org\/{rel}","templated":true}]}}