{"id":1035,"date":"2025-05-20T07:27:10","date_gmt":"2025-05-20T07:27:10","guid":{"rendered":"https:\/\/bengikarparfum.com\/?page_id=1035"},"modified":"2025-05-20T07:27:11","modified_gmt":"2025-05-20T07:27:11","slug":"adres-ve-iletisim-bilgileri","status":"publish","type":"page","link":"https:\/\/xn--bengikarlksparfm-rzbg.com\/en\/adres-ve-iletisim-bilgileri\/","title":{"rendered":"Adres ve \u0130leti\u015fim Bilgileri"},"content":{"rendered":"<p><strong>Firma Ad\u0131<\/strong>: Sencileyin Itriyat<br><strong>Adres<\/strong>: Konya T\u00fcrbe \u00d6n\u00fc \u00c7ar\u015f\u0131s\u0131<br><strong>Telefon<\/strong>: +90 533 653 69 88<br><strong>WhatsApp<\/strong>: +90 533 653 69 88<br><strong>E-posta<\/strong>:\u00a0<a>info@bengikarl\u00fcksparf\u00fcm.com<\/a><\/p>\n\n\n\n<p><\/p>","protected":false},"excerpt":{"rendered":"<p>Firma Ad\u0131: Sencileyin ItriyatAdres: Konya T\u00fcrbe \u00d6n\u00fc \u00c7ar\u015f\u0131s\u0131Telefon: +90 533 653 69 88WhatsApp: +90 533 653 69 88E-posta:\u00a0info@bengikarl\u00fcksparf\u00fcm.com<\/p>","protected":false},"author":1,"featured_media":0,"parent":0,"menu_order":0,"comment_status":"closed","ping_status":"closed","template":"","meta":{"footnotes":""},"class_list":["post-1035","page","type-page","status-publish","hentry"],"jetpack_sharing_enabled":true,"_links":{"self":[{"href":"https:\/\/xn--bengikarlksparfm-rzbg.com\/en\/wp-json\/wp\/v2\/pages\/1035","targetHints":{"allow":["GET"]}}],"collection":[{"href":"https:\/\/xn--bengikarlksparfm-rzbg.com\/en\/wp-json\/wp\/v2\/pages"}],"about":[{"href":"https:\/\/xn--bengikarlksparfm-rzbg.com\/en\/wp-json\/wp\/v2\/types\/page"}],"author":[{"embeddable":true,"href":"https:\/\/xn--bengikarlksparfm-rzbg.com\/en\/wp-json\/wp\/v2\/users\/1"}],"replies":[{"embeddable":true,"href":"https:\/\/xn--bengikarlksparfm-rzbg.com\/en\/wp-json\/wp\/v2\/comments?post=1035"}],"version-history":[{"count":0,"href":"https:\/\/xn--bengikarlksparfm-rzbg.com\/en\/wp-json\/wp\/v2\/pages\/1035\/revisions"}],"wp:attachment":[{"href":"https:\/\/xn--bengikarlksparfm-rzbg.com\/en\/wp-json\/wp\/v2\/media?parent=1035"}],"curies":[{"name":"wp","href":"https:\/\/api.w.org\/{rel}","templated":true}]}}