{"id":1038,"date":"2025-05-20T07:28:35","date_gmt":"2025-05-20T07:28:35","guid":{"rendered":"https:\/\/bengikarparfum.com\/?page_id=1038"},"modified":"2025-05-20T07:28:36","modified_gmt":"2025-05-20T07:28:36","slug":"teslimat-bilgileri","status":"publish","type":"page","link":"https:\/\/xn--bengikarlksparfm-rzbg.com\/en\/teslimat-bilgileri\/","title":{"rendered":"Teslimat Bilgileri"},"content":{"rendered":"<ul class=\"wp-block-list\">\n<li>Sipari\u015fleriniz, \u00f6deme onay\u0131 al\u0131nd\u0131ktan sonra 2-5 i\u015f g\u00fcn\u00fc i\u00e7inde kargoya teslim edilir.<\/li>\n\n\n\n<li>Teslimatlar sadece T\u00fcrkiye\u00a0 yap\u0131lmaktad\u0131r.<\/li>\n\n\n\n<li>Kargo takibi, size g\u00f6nderilecek takip numaras\u0131 ile\u00a0<a>www.yurticikargo.com<\/a>\u00a0adresinden yap\u0131labilir.<\/li>\n\n\n\n<li>Teslimat adresinizde bulunamaman\u0131z durumunda, kargonuz en yak\u0131n \u015fubeye b\u0131rak\u0131l\u0131r ve taraf\u0131n\u0131za bilgi verilir.<\/li>\n<\/ul>\n\n\n\n<p><\/p>","protected":false},"excerpt":{"rendered":"","protected":false},"author":1,"featured_media":0,"parent":0,"menu_order":0,"comment_status":"closed","ping_status":"closed","template":"","meta":{"footnotes":""},"class_list":["post-1038","page","type-page","status-publish","hentry"],"jetpack_sharing_enabled":true,"_links":{"self":[{"href":"https:\/\/xn--bengikarlksparfm-rzbg.com\/en\/wp-json\/wp\/v2\/pages\/1038","targetHints":{"allow":["GET"]}}],"collection":[{"href":"https:\/\/xn--bengikarlksparfm-rzbg.com\/en\/wp-json\/wp\/v2\/pages"}],"about":[{"href":"https:\/\/xn--bengikarlksparfm-rzbg.com\/en\/wp-json\/wp\/v2\/types\/page"}],"author":[{"embeddable":true,"href":"https:\/\/xn--bengikarlksparfm-rzbg.com\/en\/wp-json\/wp\/v2\/users\/1"}],"replies":[{"embeddable":true,"href":"https:\/\/xn--bengikarlksparfm-rzbg.com\/en\/wp-json\/wp\/v2\/comments?post=1038"}],"version-history":[{"count":0,"href":"https:\/\/xn--bengikarlksparfm-rzbg.com\/en\/wp-json\/wp\/v2\/pages\/1038\/revisions"}],"wp:attachment":[{"href":"https:\/\/xn--bengikarlksparfm-rzbg.com\/en\/wp-json\/wp\/v2\/media?parent=1038"}],"curies":[{"name":"wp","href":"https:\/\/api.w.org\/{rel}","templated":true}]}}