{"id":1041,"date":"2025-05-20T07:30:07","date_gmt":"2025-05-20T07:30:07","guid":{"rendered":"https:\/\/bengikarparfum.com\/?page_id=1041"},"modified":"2025-05-20T07:30:08","modified_gmt":"2025-05-20T07:30:08","slug":"iptal-ve-iade-politikalari","status":"publish","type":"page","link":"https:\/\/xn--bengikarlksparfm-rzbg.com\/en\/iptal-ve-iade-politikalari\/","title":{"rendered":"\u0130ptal ve \u0130ade Politikalar\u0131"},"content":{"rendered":"<p><strong>Sipari\u015f \u0130ptali<\/strong><br>Sipari\u015finiz kargoya verilmeden \u00f6nce\u00a0<a href=\"mailto:info@sencileyin.com\">info@bengikarl\u00fcksparf\u00fcm.com<\/a>\u00a0adresine e-posta g\u00f6ndererek \u0131ptal talebinde bulunabilirsiniz.<\/p>\n\n\n\n<p><strong>\u0130ade Ko\u015fullar\u0131<\/strong><\/p>\n\n\n\n<ul class=\"wp-block-list\">\n<li>\u0130ade edilecek \u00fcr\u00fcnlerin, orijinal ambalaj\u0131nda ve zarar g\u00f6rmemi\u015f durumda olmas\u0131 gerekmektedir.<\/li>\n\n\n\n<li>\u0130ade i\u015flemleri teslimattan sonraki 7 g\u00fcn i\u00e7inde yap\u0131lmal\u0131d\u0131r.<\/li>\n\n\n\n<li>\u0130ade kargosu, al\u0131c\u0131n\u0131n sorumlulu\u011fundad\u0131r.<\/li>\n<\/ul>","protected":false},"excerpt":{"rendered":"<p>Sipari\u015f \u0130ptaliSipari\u015finiz kargoya verilmeden \u00f6nce\u00a0info@bengikarl\u00fcksparf\u00fcm.com\u00a0adresine e-posta g\u00f6ndererek \u0131ptal talebinde bulunabilirsiniz. \u0130ade Ko\u015fullar\u0131<\/p>","protected":false},"author":1,"featured_media":0,"parent":0,"menu_order":0,"comment_status":"closed","ping_status":"closed","template":"","meta":{"footnotes":""},"class_list":["post-1041","page","type-page","status-publish","hentry"],"jetpack_sharing_enabled":true,"_links":{"self":[{"href":"https:\/\/xn--bengikarlksparfm-rzbg.com\/en\/wp-json\/wp\/v2\/pages\/1041","targetHints":{"allow":["GET"]}}],"collection":[{"href":"https:\/\/xn--bengikarlksparfm-rzbg.com\/en\/wp-json\/wp\/v2\/pages"}],"about":[{"href":"https:\/\/xn--bengikarlksparfm-rzbg.com\/en\/wp-json\/wp\/v2\/types\/page"}],"author":[{"embeddable":true,"href":"https:\/\/xn--bengikarlksparfm-rzbg.com\/en\/wp-json\/wp\/v2\/users\/1"}],"replies":[{"embeddable":true,"href":"https:\/\/xn--bengikarlksparfm-rzbg.com\/en\/wp-json\/wp\/v2\/comments?post=1041"}],"version-history":[{"count":0,"href":"https:\/\/xn--bengikarlksparfm-rzbg.com\/en\/wp-json\/wp\/v2\/pages\/1041\/revisions"}],"wp:attachment":[{"href":"https:\/\/xn--bengikarlksparfm-rzbg.com\/en\/wp-json\/wp\/v2\/media?parent=1041"}],"curies":[{"name":"wp","href":"https:\/\/api.w.org\/{rel}","templated":true}]}}