{"id":1081,"date":"2025-05-20T10:49:56","date_gmt":"2025-05-20T10:49:56","guid":{"rendered":"https:\/\/bengikarparfum.com\/?post_type=product&#038;p=1081"},"modified":"2025-05-30T04:25:41","modified_gmt":"2025-05-30T04:25:41","slug":"sencileyin-halfeti-gulu-parfumu-sencileyin-halfeti-rose-perfume-100-ml","status":"publish","type":"product","link":"https:\/\/xn--bengikarlksparfm-rzbg.com\/en\/product\/sencileyin-halfeti-gulu-parfumu-sencileyin-halfeti-rose-perfume-100-ml\/","title":{"rendered":"Sencileyin Halfeti G\u00fcl\u00fc Parf\u00fcm\u00fc \/ Sencileyin Halfeti Rose Perfume (100 ML)"},"content":{"rendered":"<p><strong>Sencileyin Halfeti G\u00fcl\u00fc<\/strong><br \/>\n<strong>Sencileyin Halfeti Rose<\/strong><\/p>","protected":false},"excerpt":{"rendered":"<p>Sencileyin Halfeti G\u00fcl\u00fc Sencileyin Halfeti Rose<\/p>","protected":false},"featured_media":1085,"comment_status":"open","ping_status":"closed","template":"","meta":[],"etheme_brands":[],"product_brand":[],"product_cat":[23],"product_tag":[],"class_list":{"0":"post-1081","1":"product","2":"type-product","3":"status-publish","4":"has-post-thumbnail","6":"product_cat-tek-cicekler","8":"first","9":"instock","10":"shipping-taxable","11":"purchasable","12":"product-type-simple"},"jetpack_sharing_enabled":true,"_links":{"self":[{"href":"https:\/\/xn--bengikarlksparfm-rzbg.com\/en\/wp-json\/wp\/v2\/product\/1081","targetHints":{"allow":["GET"]}}],"collection":[{"href":"https:\/\/xn--bengikarlksparfm-rzbg.com\/en\/wp-json\/wp\/v2\/product"}],"about":[{"href":"https:\/\/xn--bengikarlksparfm-rzbg.com\/en\/wp-json\/wp\/v2\/types\/product"}],"replies":[{"embeddable":true,"href":"https:\/\/xn--bengikarlksparfm-rzbg.com\/en\/wp-json\/wp\/v2\/comments?post=1081"}],"version-history":[{"count":1,"href":"https:\/\/xn--bengikarlksparfm-rzbg.com\/en\/wp-json\/wp\/v2\/product\/1081\/revisions"}],"predecessor-version":[{"id":1183,"href":"https:\/\/xn--bengikarlksparfm-rzbg.com\/en\/wp-json\/wp\/v2\/product\/1081\/revisions\/1183"}],"wp:featuredmedia":[{"embeddable":true,"href":"https:\/\/xn--bengikarlksparfm-rzbg.com\/en\/wp-json\/wp\/v2\/media\/1085"}],"wp:attachment":[{"href":"https:\/\/xn--bengikarlksparfm-rzbg.com\/en\/wp-json\/wp\/v2\/media?parent=1081"}],"wp:term":[{"taxonomy":"brand","embeddable":true,"href":"https:\/\/xn--bengikarlksparfm-rzbg.com\/en\/wp-json\/wp\/v2\/etheme_brands?post=1081"},{"taxonomy":"product_brand","embeddable":true,"href":"https:\/\/xn--bengikarlksparfm-rzbg.com\/en\/wp-json\/wp\/v2\/product_brand?post=1081"},{"taxonomy":"product_cat","embeddable":true,"href":"https:\/\/xn--bengikarlksparfm-rzbg.com\/en\/wp-json\/wp\/v2\/product_cat?post=1081"},{"taxonomy":"product_tag","embeddable":true,"href":"https:\/\/xn--bengikarlksparfm-rzbg.com\/en\/wp-json\/wp\/v2\/product_tag?post=1081"}],"curies":[{"name":"wp","href":"https:\/\/api.w.org\/{rel}","templated":true}]}}