{"id":1135,"date":"2025-05-21T09:33:36","date_gmt":"2025-05-21T09:33:36","guid":{"rendered":"https:\/\/bengikarparfum.com\/?post_type=product&#038;p=1135"},"modified":"2025-05-30T04:24:38","modified_gmt":"2025-05-30T04:24:38","slug":"sencileyin-paculi-parfumu-sencileyin-patchouli-perfume-100-ml","status":"publish","type":"product","link":"https:\/\/xn--bengikarlksparfm-rzbg.com\/en\/product\/sencileyin-paculi-parfumu-sencileyin-patchouli-perfume-100-ml\/","title":{"rendered":"Sencileyin Pa\u00e7uli Parf\u00fcm\u00fc \/ Sencileyin Patchouli perfume (100 ML)"},"content":{"rendered":"","protected":false},"excerpt":{"rendered":"<p>Sencileyin Pa\u00e7uli \/ Sencileyin Tefarik<br \/>\nSencileyin Patchouli<\/p>","protected":false},"featured_media":1083,"comment_status":"open","ping_status":"closed","template":"","meta":[],"etheme_brands":[],"product_brand":[],"product_cat":[17],"product_tag":[],"class_list":{"0":"post-1135","1":"product","2":"type-product","3":"status-publish","4":"has-post-thumbnail","6":"product_cat-hatira-kokular","8":"first","9":"instock","10":"shipping-taxable","11":"purchasable","12":"product-type-simple"},"jetpack_sharing_enabled":true,"_links":{"self":[{"href":"https:\/\/xn--bengikarlksparfm-rzbg.com\/en\/wp-json\/wp\/v2\/product\/1135","targetHints":{"allow":["GET"]}}],"collection":[{"href":"https:\/\/xn--bengikarlksparfm-rzbg.com\/en\/wp-json\/wp\/v2\/product"}],"about":[{"href":"https:\/\/xn--bengikarlksparfm-rzbg.com\/en\/wp-json\/wp\/v2\/types\/product"}],"replies":[{"embeddable":true,"href":"https:\/\/xn--bengikarlksparfm-rzbg.com\/en\/wp-json\/wp\/v2\/comments?post=1135"}],"version-history":[{"count":1,"href":"https:\/\/xn--bengikarlksparfm-rzbg.com\/en\/wp-json\/wp\/v2\/product\/1135\/revisions"}],"predecessor-version":[{"id":1179,"href":"https:\/\/xn--bengikarlksparfm-rzbg.com\/en\/wp-json\/wp\/v2\/product\/1135\/revisions\/1179"}],"wp:featuredmedia":[{"embeddable":true,"href":"https:\/\/xn--bengikarlksparfm-rzbg.com\/en\/wp-json\/wp\/v2\/media\/1083"}],"wp:attachment":[{"href":"https:\/\/xn--bengikarlksparfm-rzbg.com\/en\/wp-json\/wp\/v2\/media?parent=1135"}],"wp:term":[{"taxonomy":"brand","embeddable":true,"href":"https:\/\/xn--bengikarlksparfm-rzbg.com\/en\/wp-json\/wp\/v2\/etheme_brands?post=1135"},{"taxonomy":"product_brand","embeddable":true,"href":"https:\/\/xn--bengikarlksparfm-rzbg.com\/en\/wp-json\/wp\/v2\/product_brand?post=1135"},{"taxonomy":"product_cat","embeddable":true,"href":"https:\/\/xn--bengikarlksparfm-rzbg.com\/en\/wp-json\/wp\/v2\/product_cat?post=1135"},{"taxonomy":"product_tag","embeddable":true,"href":"https:\/\/xn--bengikarlksparfm-rzbg.com\/en\/wp-json\/wp\/v2\/product_tag?post=1135"}],"curies":[{"name":"wp","href":"https:\/\/api.w.org\/{rel}","templated":true}]}}